{"id":239,"date":"2026-01-16T21:28:02","date_gmt":"2026-01-16T20:28:02","guid":{"rendered":"https:\/\/wir-diesdorfer.de\/?page_id=239"},"modified":"2026-03-12T09:19:31","modified_gmt":"2026-03-12T08:19:31","slug":"reparatur-cafe-neue-chance-fuer-defekte-technische-geraete","status":"publish","type":"page","link":"https:\/\/wir-diesdorfer.de\/?page_id=239","title":{"rendered":"Reparatur-Caf\u00e9: Neue Chance f\u00fcr defekte technische Ger\u00e4te"},"content":{"rendered":"\n<p>Das Ziel des Diesdorfer Repaircafes ist es, f\u00fcr Nachhaltigkeit in unserer&nbsp;\u201eWegwerf-Gesellschaft\u201c zu sorgen, indem nicht mehr funktionierende technische Ger\u00e4te,&nbsp;die \u00fcber ein <strong>Anschlusskabel <\/strong>verf\u00fcgen, von ehrenamtlichen Fachleuten repariert werden und somit eine 2. Chance erhalten.<\/p>\n\n\n\n<p>Diese Initiative \u00f6ffnet <strong>mittwochs <\/strong>in den <strong>ungeraden <\/strong>Wochen von <strong>16 bis 18 Uhr<\/strong>&nbsp;im Diesdorfer evangelischen Gemeindehaus <strong>Am Denkmal 2<\/strong>.<\/p>\n\n\n\n<div class=\"wp-block-jetpack-tiled-gallery aligncenter is-style-rectangular\"><div class=\"\"><div class=\"tiled-gallery__gallery\"><div class=\"tiled-gallery__row\"><div class=\"tiled-gallery__col\" style=\"flex-basis:47.04549%\"><figure class=\"tiled-gallery__item\"><img decoding=\"async\" data-attachment-id=\"270\" data-permalink=\"https:\/\/wir-diesdorfer.de\/?attachment_id=270\" data-orig-file=\"https:\/\/i0.wp.com\/wir-diesdorfer.de\/wp-content\/uploads\/2026\/03\/DSC08558-scaled-e1773300677935.jpg?fit=2150%2C1600&amp;ssl=1\" data-orig-size=\"2150,1600\" data-comments-opened=\"0\" data-image-meta=\"{&quot;aperture&quot;:&quot;6.3&quot;,&quot;credit&quot;:&quot;&quot;,&quot;camera&quot;:&quot;ILCE-7R&quot;,&quot;caption&quot;:&quot;&quot;,&quot;created_timestamp&quot;:&quot;1773245573&quot;,&quot;copyright&quot;:&quot;&quot;,&quot;focal_length&quot;:&quot;29&quot;,&quot;iso&quot;:&quot;160&quot;,&quot;shutter_speed&quot;:&quot;0.01&quot;,&quot;title&quot;:&quot;&quot;,&quot;orientation&quot;:&quot;1&quot;}\" data-image-title=\"DSC08558\" data-image-description=\"&lt;p&gt;Im evangelischen Gemeindehaus findet das Diesdorfer Reparaturcaf\u00e9 statt.&lt;\/p&gt;\n\" data-image-caption=\"\" data-large-file=\"https:\/\/i0.wp.com\/wir-diesdorfer.de\/wp-content\/uploads\/2026\/03\/DSC08558-scaled-e1773300677935.jpg?fit=1024%2C762&amp;ssl=1\" data-attachment-id=\"270\" data-permalink=\"https:\/\/wir-diesdorfer.de\/?attachment_id=270\" data-orig-file=\"https:\/\/i0.wp.com\/wir-diesdorfer.de\/wp-content\/uploads\/2026\/03\/DSC08558-scaled-e1773300677935.jpg?fit=2150%2C1600&amp;ssl=1\" data-orig-size=\"2150,1600\" data-comments-opened=\"0\" data-image-meta=\"{&quot;aperture&quot;:&quot;6.3&quot;,&quot;credit&quot;:&quot;&quot;,&quot;camera&quot;:&quot;ILCE-7R&quot;,&quot;caption&quot;:&quot;&quot;,&quot;created_timestamp&quot;:&quot;1773245573&quot;,&quot;copyright&quot;:&quot;&quot;,&quot;focal_length&quot;:&quot;29&quot;,&quot;iso&quot;:&quot;160&quot;,&quot;shutter_speed&quot;:&quot;0.01&quot;,&quot;title&quot;:&quot;&quot;,&quot;orientation&quot;:&quot;1&quot;}\" data-image-title=\"DSC08558\" data-image-description=\"&lt;p&gt;Im evangelischen Gemeindehaus findet das Diesdorfer Reparaturcaf\u00e9 statt.&lt;\/p&gt;\n\" data-image-caption=\"\" data-large-file=\"https:\/\/i0.wp.com\/wir-diesdorfer.de\/wp-content\/uploads\/2026\/03\/DSC08558-scaled-e1773300677935.jpg?fit=1024%2C762&amp;ssl=1\" role=\"button\" tabindex=\"0\" aria-label=\"Bild\u00a01 von 2 im Vollbildmodus \u00f6ffnen\"srcset=\"https:\/\/i0.wp.com\/wir-diesdorfer.de\/wp-content\/uploads\/2026\/03\/DSC08558-scaled-e1773300677935-1024x762.jpg?strip=info&#038;w=600&#038;ssl=1 600w,https:\/\/i0.wp.com\/wir-diesdorfer.de\/wp-content\/uploads\/2026\/03\/DSC08558-scaled-e1773300677935-1024x762.jpg?strip=info&#038;w=900&#038;ssl=1 900w,https:\/\/i0.wp.com\/wir-diesdorfer.de\/wp-content\/uploads\/2026\/03\/DSC08558-scaled-e1773300677935-1024x762.jpg?strip=info&#038;w=1200&#038;ssl=1 1200w,https:\/\/i0.wp.com\/wir-diesdorfer.de\/wp-content\/uploads\/2026\/03\/DSC08558-scaled-e1773300677935-1024x762.jpg?strip=info&#038;w=1500&#038;ssl=1 1500w,https:\/\/i0.wp.com\/wir-diesdorfer.de\/wp-content\/uploads\/2026\/03\/DSC08558-scaled-e1773300677935-1024x762.jpg?strip=info&#038;w=1800&#038;ssl=1 1800w,https:\/\/i0.wp.com\/wir-diesdorfer.de\/wp-content\/uploads\/2026\/03\/DSC08558-scaled-e1773300677935-1024x762.jpg?strip=info&#038;w=2000&#038;ssl=1 2000w\" alt=\"Gemeindehaus, Am Denkmal 2, Ort des Reparaturcaf\u00e9s\" data-height=\"1600\" data-id=\"270\" data-link=\"https:\/\/wir-diesdorfer.de\/?attachment_id=270\" data-url=\"https:\/\/wir-diesdorfer.de\/wp-content\/uploads\/2026\/03\/DSC08558-scaled-e1773300677935-1024x762.jpg\" data-width=\"2150\" src=\"https:\/\/i0.wp.com\/wir-diesdorfer.de\/wp-content\/uploads\/2026\/03\/DSC08558-scaled-e1773300677935-1024x762.jpg?ssl=1\" data-amp-layout=\"responsive\"\/><\/figure><\/div><div class=\"tiled-gallery__col\" style=\"flex-basis:52.95451%\"><figure class=\"tiled-gallery__item\"><img decoding=\"async\" data-attachment-id=\"271\" data-permalink=\"https:\/\/wir-diesdorfer.de\/?attachment_id=271\" data-orig-file=\"https:\/\/i0.wp.com\/wir-diesdorfer.de\/wp-content\/uploads\/2026\/03\/DSC08579-scaled-e1773300854136.jpg?fit=2330%2C1540&amp;ssl=1\" data-orig-size=\"2330,1540\" data-comments-opened=\"0\" data-image-meta=\"{&quot;aperture&quot;:&quot;4&quot;,&quot;credit&quot;:&quot;&quot;,&quot;camera&quot;:&quot;ILCE-7R&quot;,&quot;caption&quot;:&quot;&quot;,&quot;created_timestamp&quot;:&quot;1773249968&quot;,&quot;copyright&quot;:&quot;&quot;,&quot;focal_length&quot;:&quot;47&quot;,&quot;iso&quot;:&quot;400&quot;,&quot;shutter_speed&quot;:&quot;0.016666666666667&quot;,&quot;title&quot;:&quot;&quot;,&quot;orientation&quot;:&quot;1&quot;}\" data-image-title=\"DSC08579\" data-image-description=\"&lt;p&gt;Durch geschickten Einsatz des L\u00f6tkolbens wird ein defekter Staubsauger im Diesdorfer Reparaturcaf\u00e9 wieder instandgesetzt.&lt;\/p&gt;\n\" data-image-caption=\"\" data-large-file=\"https:\/\/i0.wp.com\/wir-diesdorfer.de\/wp-content\/uploads\/2026\/03\/DSC08579-scaled-e1773300854136.jpg?fit=1024%2C677&amp;ssl=1\" data-attachment-id=\"271\" data-permalink=\"https:\/\/wir-diesdorfer.de\/?attachment_id=271\" data-orig-file=\"https:\/\/i0.wp.com\/wir-diesdorfer.de\/wp-content\/uploads\/2026\/03\/DSC08579-scaled-e1773300854136.jpg?fit=2330%2C1540&amp;ssl=1\" data-orig-size=\"2330,1540\" data-comments-opened=\"0\" data-image-meta=\"{&quot;aperture&quot;:&quot;4&quot;,&quot;credit&quot;:&quot;&quot;,&quot;camera&quot;:&quot;ILCE-7R&quot;,&quot;caption&quot;:&quot;&quot;,&quot;created_timestamp&quot;:&quot;1773249968&quot;,&quot;copyright&quot;:&quot;&quot;,&quot;focal_length&quot;:&quot;47&quot;,&quot;iso&quot;:&quot;400&quot;,&quot;shutter_speed&quot;:&quot;0.016666666666667&quot;,&quot;title&quot;:&quot;&quot;,&quot;orientation&quot;:&quot;1&quot;}\" data-image-title=\"DSC08579\" data-image-description=\"&lt;p&gt;Durch geschickten Einsatz des L\u00f6tkolbens wird ein defekter Staubsauger im Diesdorfer Reparaturcaf\u00e9 wieder instandgesetzt.&lt;\/p&gt;\n\" data-image-caption=\"\" data-large-file=\"https:\/\/i0.wp.com\/wir-diesdorfer.de\/wp-content\/uploads\/2026\/03\/DSC08579-scaled-e1773300854136.jpg?fit=1024%2C677&amp;ssl=1\" role=\"button\" tabindex=\"0\" aria-label=\"Bild\u00a02 von 2 im Vollbildmodus \u00f6ffnen\"srcset=\"https:\/\/i0.wp.com\/wir-diesdorfer.de\/wp-content\/uploads\/2026\/03\/DSC08579-scaled-e1773300854136-1024x677.jpg?strip=info&#038;w=600&#038;ssl=1 600w,https:\/\/i0.wp.com\/wir-diesdorfer.de\/wp-content\/uploads\/2026\/03\/DSC08579-scaled-e1773300854136-1024x677.jpg?strip=info&#038;w=900&#038;ssl=1 900w,https:\/\/i0.wp.com\/wir-diesdorfer.de\/wp-content\/uploads\/2026\/03\/DSC08579-scaled-e1773300854136-1024x677.jpg?strip=info&#038;w=1200&#038;ssl=1 1200w,https:\/\/i0.wp.com\/wir-diesdorfer.de\/wp-content\/uploads\/2026\/03\/DSC08579-scaled-e1773300854136-1024x677.jpg?strip=info&#038;w=1500&#038;ssl=1 1500w,https:\/\/i0.wp.com\/wir-diesdorfer.de\/wp-content\/uploads\/2026\/03\/DSC08579-scaled-e1773300854136-1024x677.jpg?strip=info&#038;w=1800&#038;ssl=1 1800w,https:\/\/i0.wp.com\/wir-diesdorfer.de\/wp-content\/uploads\/2026\/03\/DSC08579-scaled-e1773300854136-1024x677.jpg?strip=info&#038;w=2000&#038;ssl=1 2000w\" alt=\"\" data-height=\"1540\" data-id=\"271\" data-link=\"https:\/\/wir-diesdorfer.de\/?attachment_id=271\" data-url=\"https:\/\/wir-diesdorfer.de\/wp-content\/uploads\/2026\/03\/DSC08579-scaled-e1773300854136-1024x677.jpg\" data-width=\"2330\" src=\"https:\/\/i0.wp.com\/wir-diesdorfer.de\/wp-content\/uploads\/2026\/03\/DSC08579-scaled-e1773300854136-1024x677.jpg?ssl=1\" data-amp-layout=\"responsive\"\/><\/figure><\/div><\/div><\/div><\/div><\/div>\n\n\n\n<p>Von den B\u00fcrgerinnen und B\u00fcrgern wird der Reparaturservice dankend angenommen, im Schnitt besuchen uns 10 bis 15 Diesdorfer sowie G\u00e4ste aus anderen Stadtteilen Magdeburgs. Es hat sich herumgesprochen, auch Dank der Volksstimme-Rubrik Lokalanzeiger, dass vom B\u00fcrger- und Heimatverein Diesdorf diese kostenlose Nachbarschaftshilfe in gem\u00fctlicher \u201eRunde\u201c bei <strong>Kaffee und Kuchen<\/strong> angeboten wird.<\/p>\n\n\n\n<div class=\"wp-block-jetpack-tiled-gallery aligncenter is-style-rectangular\"><div class=\"\"><div class=\"tiled-gallery__gallery\"><div class=\"tiled-gallery__row\"><div class=\"tiled-gallery__col\" style=\"flex-basis:58.80780%\"><figure class=\"tiled-gallery__item\"><img decoding=\"async\" data-attachment-id=\"273\" data-permalink=\"https:\/\/wir-diesdorfer.de\/?attachment_id=273\" data-orig-file=\"https:\/\/i0.wp.com\/wir-diesdorfer.de\/wp-content\/uploads\/2026\/03\/DSC08565-scaled-e1773301122461.jpg?fit=2470%2C1243&amp;ssl=1\" data-orig-size=\"2470,1243\" data-comments-opened=\"0\" data-image-meta=\"{&quot;aperture&quot;:&quot;4&quot;,&quot;credit&quot;:&quot;&quot;,&quot;camera&quot;:&quot;ILCE-7R&quot;,&quot;caption&quot;:&quot;&quot;,&quot;created_timestamp&quot;:&quot;1773247384&quot;,&quot;copyright&quot;:&quot;&quot;,&quot;focal_length&quot;:&quot;24&quot;,&quot;iso&quot;:&quot;160&quot;,&quot;shutter_speed&quot;:&quot;0.1&quot;,&quot;title&quot;:&quot;&quot;,&quot;orientation&quot;:&quot;1&quot;}\" data-image-title=\"DSC08565\" data-image-description=\"\" data-image-caption=\"&lt;p&gt;Bei Kaffee und Kuchen verk\u00fcrzt sich die Wartezeit, bis die flei\u00dfigen Helfer des Diesdorfer Reparaturcaf\u00e9s die mitgebrachten Ger\u00e4te instandgesetzt haben.&lt;\/p&gt;\n\" data-large-file=\"https:\/\/i0.wp.com\/wir-diesdorfer.de\/wp-content\/uploads\/2026\/03\/DSC08565-scaled-e1773301122461.jpg?fit=1024%2C515&amp;ssl=1\" data-attachment-id=\"273\" data-permalink=\"https:\/\/wir-diesdorfer.de\/?attachment_id=273\" data-orig-file=\"https:\/\/i0.wp.com\/wir-diesdorfer.de\/wp-content\/uploads\/2026\/03\/DSC08565-scaled-e1773301122461.jpg?fit=2470%2C1243&amp;ssl=1\" data-orig-size=\"2470,1243\" data-comments-opened=\"0\" data-image-meta=\"{&quot;aperture&quot;:&quot;4&quot;,&quot;credit&quot;:&quot;&quot;,&quot;camera&quot;:&quot;ILCE-7R&quot;,&quot;caption&quot;:&quot;&quot;,&quot;created_timestamp&quot;:&quot;1773247384&quot;,&quot;copyright&quot;:&quot;&quot;,&quot;focal_length&quot;:&quot;24&quot;,&quot;iso&quot;:&quot;160&quot;,&quot;shutter_speed&quot;:&quot;0.1&quot;,&quot;title&quot;:&quot;&quot;,&quot;orientation&quot;:&quot;1&quot;}\" data-image-title=\"DSC08565\" data-image-description=\"\" data-image-caption=\"&lt;p&gt;Bei Kaffee und Kuchen verk\u00fcrzt sich die Wartezeit, bis die flei\u00dfigen Helfer des Diesdorfer Reparaturcaf\u00e9s die mitgebrachten Ger\u00e4te instandgesetzt haben.&lt;\/p&gt;\n\" data-large-file=\"https:\/\/i0.wp.com\/wir-diesdorfer.de\/wp-content\/uploads\/2026\/03\/DSC08565-scaled-e1773301122461.jpg?fit=1024%2C515&amp;ssl=1\" role=\"button\" tabindex=\"0\" aria-label=\"Bild\u00a01 von 2 im Vollbildmodus \u00f6ffnen\"srcset=\"https:\/\/i0.wp.com\/wir-diesdorfer.de\/wp-content\/uploads\/2026\/03\/DSC08565-scaled-e1773301122461-1024x515.jpg?strip=info&#038;w=600&#038;ssl=1 600w,https:\/\/i0.wp.com\/wir-diesdorfer.de\/wp-content\/uploads\/2026\/03\/DSC08565-scaled-e1773301122461-1024x515.jpg?strip=info&#038;w=900&#038;ssl=1 900w,https:\/\/i0.wp.com\/wir-diesdorfer.de\/wp-content\/uploads\/2026\/03\/DSC08565-scaled-e1773301122461-1024x515.jpg?strip=info&#038;w=1200&#038;ssl=1 1200w,https:\/\/i0.wp.com\/wir-diesdorfer.de\/wp-content\/uploads\/2026\/03\/DSC08565-scaled-e1773301122461-1024x515.jpg?strip=info&#038;w=1500&#038;ssl=1 1500w,https:\/\/i0.wp.com\/wir-diesdorfer.de\/wp-content\/uploads\/2026\/03\/DSC08565-scaled-e1773301122461-1024x515.jpg?strip=info&#038;w=1800&#038;ssl=1 1800w,https:\/\/i0.wp.com\/wir-diesdorfer.de\/wp-content\/uploads\/2026\/03\/DSC08565-scaled-e1773301122461-1024x515.jpg?strip=info&#038;w=2000&#038;ssl=1 2000w\" alt=\"G\u00e4ste des Diesdorfer Reparaturcaf\u00e9s\" data-height=\"1243\" data-id=\"273\" data-link=\"https:\/\/wir-diesdorfer.de\/?attachment_id=273\" data-url=\"https:\/\/wir-diesdorfer.de\/wp-content\/uploads\/2026\/03\/DSC08565-scaled-e1773301122461-1024x515.jpg\" data-width=\"2470\" src=\"https:\/\/i0.wp.com\/wir-diesdorfer.de\/wp-content\/uploads\/2026\/03\/DSC08565-scaled-e1773301122461-1024x515.jpg?ssl=1\" data-amp-layout=\"responsive\"\/><\/figure><\/div><div class=\"tiled-gallery__col\" style=\"flex-basis:41.19220%\"><figure class=\"tiled-gallery__item\"><img decoding=\"async\" data-attachment-id=\"274\" data-permalink=\"https:\/\/wir-diesdorfer.de\/?attachment_id=274\" data-orig-file=\"https:\/\/i0.wp.com\/wir-diesdorfer.de\/wp-content\/uploads\/2026\/03\/DSC08568-scaled-e1773301390388.jpg?fit=2308%2C1660&amp;ssl=1\" data-orig-size=\"2308,1660\" data-comments-opened=\"0\" data-image-meta=\"{&quot;aperture&quot;:&quot;4&quot;,&quot;credit&quot;:&quot;&quot;,&quot;camera&quot;:&quot;ILCE-7R&quot;,&quot;caption&quot;:&quot;&quot;,&quot;created_timestamp&quot;:&quot;1773248129&quot;,&quot;copyright&quot;:&quot;&quot;,&quot;focal_length&quot;:&quot;40&quot;,&quot;iso&quot;:&quot;400&quot;,&quot;shutter_speed&quot;:&quot;0.016666666666667&quot;,&quot;title&quot;:&quot;&quot;,&quot;orientation&quot;:&quot;1&quot;}\" data-image-title=\"DSC08568\" data-image-description=\"\" data-image-caption=\"\" data-large-file=\"https:\/\/i0.wp.com\/wir-diesdorfer.de\/wp-content\/uploads\/2026\/03\/DSC08568-scaled-e1773301390388.jpg?fit=1024%2C736&amp;ssl=1\" data-attachment-id=\"274\" data-permalink=\"https:\/\/wir-diesdorfer.de\/?attachment_id=274\" data-orig-file=\"https:\/\/i0.wp.com\/wir-diesdorfer.de\/wp-content\/uploads\/2026\/03\/DSC08568-scaled-e1773301390388.jpg?fit=2308%2C1660&amp;ssl=1\" data-orig-size=\"2308,1660\" data-comments-opened=\"0\" data-image-meta=\"{&quot;aperture&quot;:&quot;4&quot;,&quot;credit&quot;:&quot;&quot;,&quot;camera&quot;:&quot;ILCE-7R&quot;,&quot;caption&quot;:&quot;&quot;,&quot;created_timestamp&quot;:&quot;1773248129&quot;,&quot;copyright&quot;:&quot;&quot;,&quot;focal_length&quot;:&quot;40&quot;,&quot;iso&quot;:&quot;400&quot;,&quot;shutter_speed&quot;:&quot;0.016666666666667&quot;,&quot;title&quot;:&quot;&quot;,&quot;orientation&quot;:&quot;1&quot;}\" data-image-title=\"DSC08568\" data-image-description=\"\" data-image-caption=\"\" data-large-file=\"https:\/\/i0.wp.com\/wir-diesdorfer.de\/wp-content\/uploads\/2026\/03\/DSC08568-scaled-e1773301390388.jpg?fit=1024%2C736&amp;ssl=1\" role=\"button\" tabindex=\"0\" aria-label=\"Bild\u00a02 von 2 im Vollbildmodus \u00f6ffnen\"srcset=\"https:\/\/i0.wp.com\/wir-diesdorfer.de\/wp-content\/uploads\/2026\/03\/DSC08568-scaled-e1773301390388-1024x736.jpg?strip=info&#038;w=600&#038;ssl=1 600w,https:\/\/i0.wp.com\/wir-diesdorfer.de\/wp-content\/uploads\/2026\/03\/DSC08568-scaled-e1773301390388-1024x736.jpg?strip=info&#038;w=900&#038;ssl=1 900w,https:\/\/i0.wp.com\/wir-diesdorfer.de\/wp-content\/uploads\/2026\/03\/DSC08568-scaled-e1773301390388-1024x736.jpg?strip=info&#038;w=1200&#038;ssl=1 1200w,https:\/\/i0.wp.com\/wir-diesdorfer.de\/wp-content\/uploads\/2026\/03\/DSC08568-scaled-e1773301390388-1024x736.jpg?strip=info&#038;w=1500&#038;ssl=1 1500w,https:\/\/i0.wp.com\/wir-diesdorfer.de\/wp-content\/uploads\/2026\/03\/DSC08568-scaled-e1773301390388-1024x736.jpg?strip=info&#038;w=1800&#038;ssl=1 1800w,https:\/\/i0.wp.com\/wir-diesdorfer.de\/wp-content\/uploads\/2026\/03\/DSC08568-scaled-e1773301390388-1024x736.jpg?strip=info&#038;w=2000&#038;ssl=1 2000w\" alt=\"\" data-height=\"1660\" data-id=\"274\" data-link=\"https:\/\/wir-diesdorfer.de\/?attachment_id=274\" data-url=\"https:\/\/wir-diesdorfer.de\/wp-content\/uploads\/2026\/03\/DSC08568-scaled-e1773301390388-1024x736.jpg\" data-width=\"2308\" src=\"https:\/\/i0.wp.com\/wir-diesdorfer.de\/wp-content\/uploads\/2026\/03\/DSC08568-scaled-e1773301390388-1024x736.jpg?ssl=1\" data-amp-layout=\"responsive\"\/><\/figure><\/div><\/div><\/div><\/div><\/div>\n\n\n\n<p>Fragen rund um das Repair-Caf\u00e9 beantwortet euch Ernst Vogel. <\/p>\n\n\n\n<p>Tel.: +49 176 52588328<\/p>\n\n\n\n<p>Mail: <a href=\"mailto:ernst.vogel53@gmx.de\">ernst.vogel53@gmx.de<\/a><\/p>\n\n\n\n<p><strong>Termine 2026<\/strong><\/p>\n\n\n\n<p>M\u00e4rz: 11. + 25.<\/p>\n\n\n\n<p>April: 8. + 22.<\/p>\n\n\n\n<p>Mai: 6. + 20.<\/p>\n\n\n\n<p>Juni: 3. + 17.<\/p>\n\n\n\n<p>Juli: 1.<\/p>\n\n\n\n<p>September: 9. + 23.<\/p>\n\n\n\n<p>Oktober: 7. +21.<\/p>\n\n\n\n<p>November: 4. + 18.<\/p>\n\n\n\n<p><\/p>\n","protected":false},"excerpt":{"rendered":"<p>Das Ziel des Diesdorfer Repaircafes ist es, f\u00fcr Nachhaltigkeit in unserer&nbsp;\u201eWegwerf-Gesellschaft\u201c zu sorgen, indem nicht mehr funktionierende technische Ger\u00e4te,&nbsp;die \u00fcber ein Anschlusskabel verf\u00fcgen, von ehrenamtlichen Fachleuten repariert werden und somit eine 2. Chance erhalten. Diese Initiative \u00f6ffnet mittwochs in den ungeraden Wochen von 16 bis 18 Uhr&nbsp;im Diesdorfer evangelischen Gemeindehaus Am Denkmal 2. Von den [&hellip;]<\/p>\n","protected":false},"author":3,"featured_media":0,"parent":0,"menu_order":0,"comment_status":"closed","ping_status":"closed","template":"","meta":{"advanced_seo_description":"","jetpack_seo_html_title":"","jetpack_seo_noindex":false,"footnotes":""},"class_list":["post-239","page","type-page","status-publish","hentry"],"jetpack_sharing_enabled":true,"_links":{"self":[{"href":"https:\/\/wir-diesdorfer.de\/index.php?rest_route=\/wp\/v2\/pages\/239","targetHints":{"allow":["GET"]}}],"collection":[{"href":"https:\/\/wir-diesdorfer.de\/index.php?rest_route=\/wp\/v2\/pages"}],"about":[{"href":"https:\/\/wir-diesdorfer.de\/index.php?rest_route=\/wp\/v2\/types\/page"}],"author":[{"embeddable":true,"href":"https:\/\/wir-diesdorfer.de\/index.php?rest_route=\/wp\/v2\/users\/3"}],"replies":[{"embeddable":true,"href":"https:\/\/wir-diesdorfer.de\/index.php?rest_route=%2Fwp%2Fv2%2Fcomments&post=239"}],"version-history":[{"count":10,"href":"https:\/\/wir-diesdorfer.de\/index.php?rest_route=\/wp\/v2\/pages\/239\/revisions"}],"predecessor-version":[{"id":277,"href":"https:\/\/wir-diesdorfer.de\/index.php?rest_route=\/wp\/v2\/pages\/239\/revisions\/277"}],"wp:attachment":[{"href":"https:\/\/wir-diesdorfer.de\/index.php?rest_route=%2Fwp%2Fv2%2Fmedia&parent=239"}],"curies":[{"name":"wp","href":"https:\/\/api.w.org\/{rel}","templated":true}]}}