{"id":23,"date":"2025-10-06T19:19:17","date_gmt":"2025-10-06T17:19:17","guid":{"rendered":"https:\/\/wirdiesdorfer.wordpress.com\/?page_id=23"},"modified":"2026-03-30T17:52:20","modified_gmt":"2026-03-30T16:52:20","slug":"der-verein","status":"publish","type":"page","link":"https:\/\/wir-diesdorfer.de\/?page_id=23","title":{"rendered":"Der Verein"},"content":{"rendered":"\n<h3 class=\"wp-block-heading\">Vereinsarbeit in Diesdorf: Ein Hoch auf das Gemeinschaftsgef\u00fchl<\/h3>\n\n\n\n<div class=\"wp-block-group alignfull has-global-padding is-layout-constrained wp-block-group-is-layout-constrained\">\n<p>Die Teilnahme an der Vereinsarbeit ist eine wunderbare M\u00f6glichkeit, sich aktiv in unsere Gemeinschaft einzubringen und das Leben in Diesdorf zu bereichern. Ob bei kulturellen Veranstaltungen oder sozialen Projekten \u2013 die Vielfalt der M\u00f6glichkeiten ist gro\u00df und l\u00e4dt dazu ein, gemeinsam etwas zu bewegen.<\/p>\n<\/div>\n\n\n\n<h3 class=\"wp-block-heading\">Gemeinschaft f\u00f6rdern<\/h3>\n\n\n\n<div class=\"wp-block-group alignfull has-global-padding is-layout-constrained wp-block-group-is-layout-constrained\">\n<p>Vereinsarbeit verbindet! Sie bietet die M\u00f6glichkeit, neue Freundschaften zu schlie\u00dfen und bestehende Beziehungen zu vertiefen. Jeder Einzelne kann seine St\u00e4rken einbringen und somit zum Erfolg des Vereins beitragen.<\/p>\n<\/div>\n\n\n\n<h3 class=\"wp-block-heading\">Engagement f\u00fcr die Zukunft<\/h3>\n\n\n\n<div class=\"wp-block-group alignfull has-global-padding is-layout-constrained wp-block-group-is-layout-constrained\">\n<div class=\"wp-block-group alignfull has-global-padding is-content-justification-right is-layout-constrained wp-container-core-group-is-layout-f1f2ed93 wp-block-group-is-layout-constrained\">\n<div class=\"wp-block-group alignfull has-global-padding is-layout-constrained wp-block-group-is-layout-constrained\">\n<p>Durch unsere aktive Teilnahme an der Vereinsarbeit gestalten wir nicht nur das Hier und Jetzt, sondern tragen auch zur positiven Entwicklung unseres Stadtteiles bei. Engagieren wir uns gemeinsam, schaffen wir einen Ort, an dem sich jeder wohlf\u00fchlt und der die Werte von Zusammenhalt und Solidarit\u00e4t f\u00f6rdert.<\/p>\n<\/div>\n<\/div>\n<\/div>\n\n\n\n<h3 class=\"wp-block-heading\">Fazit<\/h3>\n\n\n\n<div class=\"wp-block-group alignfull has-global-padding is-layout-constrained wp-block-group-is-layout-constrained\">\n<p>Die Teilnahme an der Vereinsarbeit in und um Diesdorf ist nicht nur bereichernd, sondern auch eine Herzensangelegenheit. Machen Sie mit, bringen Sie Ihre Ideen ein und erleben Sie, wie sch\u00f6n es ist, Teil einer lebendigen und aktiven Gemeinschaft zu sein!<\/p>\n<\/div>\n\n\n\n<blockquote class=\"wp-block-quote is-layout-flow wp-block-quote-is-layout-flow\">\n<p>Jetzt Mitglied werden<\/p>\n\n\n\n<div class=\"wp-block-file\"><a id=\"wp-block-file--media-3e80a577-46f6-4fd9-9a52-113375a8366d\" href=\"https:\/\/wir-diesdorfer.de\/wp-content\/uploads\/2026\/03\/20260223-Aufnahmeantrag.pdf\">Aufnahmeantrag_2026<\/a><a href=\"https:\/\/wir-diesdorfer.de\/wp-content\/uploads\/2026\/03\/20260223-Aufnahmeantrag.pdf\" class=\"wp-block-file__button wp-element-button\" download aria-describedby=\"wp-block-file--media-3e80a577-46f6-4fd9-9a52-113375a8366d\">Herunterladen<\/a><\/div>\n<\/blockquote>\n\n\n\n<p><\/p>\n","protected":false},"excerpt":{"rendered":"<p>Vereinsarbeit in Diesdorf: Ein Hoch auf das Gemeinschaftsgef\u00fchl Die Teilnahme an der Vereinsarbeit ist eine wunderbare M\u00f6glichkeit, sich aktiv in unsere Gemeinschaft einzubringen und das Leben in Diesdorf zu bereichern. Ob bei kulturellen Veranstaltungen oder sozialen Projekten \u2013 die Vielfalt der M\u00f6glichkeiten ist gro\u00df und l\u00e4dt dazu ein, gemeinsam etwas zu bewegen. Gemeinschaft f\u00f6rdern Vereinsarbeit [&hellip;]<\/p>\n","protected":false},"author":2,"featured_media":0,"parent":0,"menu_order":0,"comment_status":"closed","ping_status":"closed","template":"","meta":{"advanced_seo_description":"","jetpack_seo_html_title":"","jetpack_seo_noindex":false,"footnotes":""},"class_list":["post-23","page","type-page","status-publish","hentry"],"jetpack_sharing_enabled":true,"_links":{"self":[{"href":"https:\/\/wir-diesdorfer.de\/index.php?rest_route=\/wp\/v2\/pages\/23","targetHints":{"allow":["GET"]}}],"collection":[{"href":"https:\/\/wir-diesdorfer.de\/index.php?rest_route=\/wp\/v2\/pages"}],"about":[{"href":"https:\/\/wir-diesdorfer.de\/index.php?rest_route=\/wp\/v2\/types\/page"}],"author":[{"embeddable":true,"href":"https:\/\/wir-diesdorfer.de\/index.php?rest_route=\/wp\/v2\/users\/2"}],"replies":[{"embeddable":true,"href":"https:\/\/wir-diesdorfer.de\/index.php?rest_route=%2Fwp%2Fv2%2Fcomments&post=23"}],"version-history":[{"count":3,"href":"https:\/\/wir-diesdorfer.de\/index.php?rest_route=\/wp\/v2\/pages\/23\/revisions"}],"predecessor-version":[{"id":282,"href":"https:\/\/wir-diesdorfer.de\/index.php?rest_route=\/wp\/v2\/pages\/23\/revisions\/282"}],"wp:attachment":[{"href":"https:\/\/wir-diesdorfer.de\/index.php?rest_route=%2Fwp%2Fv2%2Fmedia&parent=23"}],"curies":[{"name":"wp","href":"https:\/\/api.w.org\/{rel}","templated":true}]}}