{"id":16,"date":"2025-10-06T18:20:19","date_gmt":"2025-10-06T17:20:19","guid":{"rendered":"https:\/\/wirdiesdorfer.wordpress.com\/?page_id=16"},"modified":"2026-04-01T18:51:14","modified_gmt":"2026-04-01T17:51:14","slug":"home","status":"publish","type":"page","link":"https:\/\/wir-diesdorfer.de\/","title":{"rendered":"Startseite"},"content":{"rendered":"\n<figure class=\"wp-block-image alignwide size-large\"><img data-recalc-dims=\"1\" loading=\"lazy\" decoding=\"async\" width=\"1024\" height=\"614\" data-attachment-id=\"120\" data-permalink=\"https:\/\/wir-diesdorfer.de\/?attachment_id=120\" data-orig-file=\"https:\/\/i0.wp.com\/wir-diesdorfer.de\/wp-content\/uploads\/2025\/11\/cropped-dji_fly_20251026_084618_0383_1761465083731_photo-min-scaled-1.jpeg?fit=2000%2C1200&amp;ssl=1\" data-orig-size=\"2000,1200\" data-comments-opened=\"1\" data-image-meta=\"{&quot;aperture&quot;:&quot;0&quot;,&quot;credit&quot;:&quot;&quot;,&quot;camera&quot;:&quot;&quot;,&quot;caption&quot;:&quot;&quot;,&quot;created_timestamp&quot;:&quot;0&quot;,&quot;copyright&quot;:&quot;&quot;,&quot;focal_length&quot;:&quot;0&quot;,&quot;iso&quot;:&quot;0&quot;,&quot;shutter_speed&quot;:&quot;0&quot;,&quot;title&quot;:&quot;&quot;,&quot;orientation&quot;:&quot;0&quot;}\" data-image-title=\"dji_fly_20251026_084618_0383_1761465083731_photo-min\" data-image-description=\"&lt;p&gt;http:\/\/temp.wir-diesdorfer.de\/wp-content\/uploads\/2025\/11\/cropped-dji_fly_20251026_084618_0383_1761465083731_photo-min-scaled-1.jpeg&lt;\/p&gt;\n\" data-image-caption=\"\" data-large-file=\"https:\/\/i0.wp.com\/wir-diesdorfer.de\/wp-content\/uploads\/2025\/11\/cropped-dji_fly_20251026_084618_0383_1761465083731_photo-min-scaled-1.jpeg?fit=1024%2C614&amp;ssl=1\" src=\"https:\/\/i0.wp.com\/temp.wir-diesdorfer.de\/wp-content\/uploads\/2025\/11\/cropped-dji_fly_20251026_084618_0383_1761465083731_photo-min-scaled-1-1024x614.jpeg?resize=1024%2C614\" alt=\"\" class=\"wp-image-120\" srcset=\"https:\/\/i0.wp.com\/wir-diesdorfer.de\/wp-content\/uploads\/2025\/11\/cropped-dji_fly_20251026_084618_0383_1761465083731_photo-min-scaled-1.jpeg?resize=1024%2C614&amp;ssl=1 1024w, https:\/\/i0.wp.com\/wir-diesdorfer.de\/wp-content\/uploads\/2025\/11\/cropped-dji_fly_20251026_084618_0383_1761465083731_photo-min-scaled-1.jpeg?resize=300%2C180&amp;ssl=1 300w, https:\/\/i0.wp.com\/wir-diesdorfer.de\/wp-content\/uploads\/2025\/11\/cropped-dji_fly_20251026_084618_0383_1761465083731_photo-min-scaled-1.jpeg?resize=768%2C461&amp;ssl=1 768w, https:\/\/i0.wp.com\/wir-diesdorfer.de\/wp-content\/uploads\/2025\/11\/cropped-dji_fly_20251026_084618_0383_1761465083731_photo-min-scaled-1.jpeg?resize=1536%2C922&amp;ssl=1 1536w, https:\/\/i0.wp.com\/wir-diesdorfer.de\/wp-content\/uploads\/2025\/11\/cropped-dji_fly_20251026_084618_0383_1761465083731_photo-min-scaled-1.jpeg?w=2000&amp;ssl=1 2000w\" sizes=\"auto, (max-width: 1000px) 100vw, 1000px\" \/><\/figure>\n\n\n\n<div style=\"height:100px\" aria-hidden=\"true\" class=\"wp-block-spacer\"><\/div>\n\n\n\n<div class=\"wp-block-columns alignwide is-layout-flex wp-container-core-columns-is-layout-28f84493 wp-block-columns-is-layout-flex\">\n<div class=\"wp-block-column is-vertically-aligned-stretch is-layout-flow wp-block-column-is-layout-flow\" style=\"flex-basis:66.66%\"><ul class=\"wp-block-latest-posts__list wp-block-latest-posts\"><li><a class=\"wp-block-latest-posts__post-title\" href=\"https:\/\/wir-diesdorfer.de\/?p=203\">Diesdorf im Advent &#8211; 06.12.2025<\/a><\/li>\n<li><a class=\"wp-block-latest-posts__post-title\" href=\"https:\/\/wir-diesdorfer.de\/?p=174\">4.K\u00fcrbisfest -11.10.2025<\/a><\/li>\n<li><a class=\"wp-block-latest-posts__post-title\" href=\"https:\/\/wir-diesdorfer.de\/?p=177\">Vereinsfahrt Beelitz Heilst\u00e4tten &#8211; 03.10.2025<\/a><\/li>\n<\/ul><\/div>\n\n\n\n<div class=\"wp-block-column is-layout-flow wp-block-column-is-layout-flow\" style=\"flex-basis:33.33%\">\n<h2 class=\"wp-block-heading\">Termine<\/h2>\n\n\n\n<div class=\"wp-block-group has-global-padding is-content-justification-left is-layout-constrained wp-container-core-group-is-layout-12dd3699 wp-block-group-is-layout-constrained\">\n<p><\/p>\n\n\n\n<p>01.04.2026 100 Jahre Eingemeindung ist sehr lang<\/p>\n\n\n\n<p>18.04.2026 Diesdorf putzt sich 12-14 Uhr<\/p>\n\n\n\n<p>23.04.2026 Vereinsversammlung<\/p>\n\n\n\n<p>21.05.2026 Vereinsversammlung<\/p>\n\n\n\n<p><strong>12.-14.06.2026 &#8211; Schrotefest<\/strong><\/p>\n\n\n\n<p><strong>12.09.2026 Ballongl\u00fchen in Diesdorf S\u00fcd<\/strong><\/p>\n\n\n\n<p><strong>10.10.2026 K\u00fcrbisfest<\/strong><\/p>\n\n\n\n<p><strong>05.12.2026 Diesdorf im Advent<\/strong><\/p>\n\n\n\n<p><\/p>\n\n\n\n<p><\/p>\n<\/div>\n<\/div>\n<\/div>\n\n\n\n<ul class=\"wp-block-social-links aligncenter is-layout-flex wp-block-social-links-is-layout-flex\"><li class=\"wp-social-link wp-social-link-instagram  wp-block-social-link\"><a href=\"https:\/\/www.instagram.com\/bhv_md_diesdorf_ev\/?utm_source=ig_web_button_share_sheet&#038;igsh=ZHoxbjJwc3pxNzJn\" class=\"wp-block-social-link-anchor\"><svg width=\"24\" height=\"24\" viewBox=\"0 0 24 24\" version=\"1.1\" xmlns=\"http:\/\/www.w3.org\/2000\/svg\" aria-hidden=\"true\" focusable=\"false\"><path d=\"M12,4.622c2.403,0,2.688,0.009,3.637,0.052c0.877,0.04,1.354,0.187,1.671,0.31c0.42,0.163,0.72,0.358,1.035,0.673 c0.315,0.315,0.51,0.615,0.673,1.035c0.123,0.317,0.27,0.794,0.31,1.671c0.043,0.949,0.052,1.234,0.052,3.637 s-0.009,2.688-0.052,3.637c-0.04,0.877-0.187,1.354-0.31,1.671c-0.163,0.42-0.358,0.72-0.673,1.035 c-0.315,0.315-0.615,0.51-1.035,0.673c-0.317,0.123-0.794,0.27-1.671,0.31c-0.949,0.043-1.233,0.052-3.637,0.052 s-2.688-0.009-3.637-0.052c-0.877-0.04-1.354-0.187-1.671-0.31c-0.42-0.163-0.72-0.358-1.035-0.673 c-0.315-0.315-0.51-0.615-0.673-1.035c-0.123-0.317-0.27-0.794-0.31-1.671C4.631,14.688,4.622,14.403,4.622,12 s0.009-2.688,0.052-3.637c0.04-0.877,0.187-1.354,0.31-1.671c0.163-0.42,0.358-0.72,0.673-1.035 c0.315-0.315,0.615-0.51,1.035-0.673c0.317-0.123,0.794-0.27,1.671-0.31C9.312,4.631,9.597,4.622,12,4.622 M12,3 C9.556,3,9.249,3.01,8.289,3.054C7.331,3.098,6.677,3.25,6.105,3.472C5.513,3.702,5.011,4.01,4.511,4.511 c-0.5,0.5-0.808,1.002-1.038,1.594C3.25,6.677,3.098,7.331,3.054,8.289C3.01,9.249,3,9.556,3,12c0,2.444,0.01,2.751,0.054,3.711 c0.044,0.958,0.196,1.612,0.418,2.185c0.23,0.592,0.538,1.094,1.038,1.594c0.5,0.5,1.002,0.808,1.594,1.038 c0.572,0.222,1.227,0.375,2.185,0.418C9.249,20.99,9.556,21,12,21s2.751-0.01,3.711-0.054c0.958-0.044,1.612-0.196,2.185-0.418 c0.592-0.23,1.094-0.538,1.594-1.038c0.5-0.5,0.808-1.002,1.038-1.594c0.222-0.572,0.375-1.227,0.418-2.185 C20.99,14.751,21,14.444,21,12s-0.01-2.751-0.054-3.711c-0.044-0.958-0.196-1.612-0.418-2.185c-0.23-0.592-0.538-1.094-1.038-1.594 c-0.5-0.5-1.002-0.808-1.594-1.038c-0.572-0.222-1.227-0.375-2.185-0.418C14.751,3.01,14.444,3,12,3L12,3z M12,7.378 c-2.552,0-4.622,2.069-4.622,4.622S9.448,16.622,12,16.622s4.622-2.069,4.622-4.622S14.552,7.378,12,7.378z M12,15 c-1.657,0-3-1.343-3-3s1.343-3,3-3s3,1.343,3,3S13.657,15,12,15z M16.804,6.116c-0.596,0-1.08,0.484-1.08,1.08 s0.484,1.08,1.08,1.08c0.596,0,1.08-0.484,1.08-1.08S17.401,6.116,16.804,6.116z\"><\/path><\/svg><span class=\"wp-block-social-link-label screen-reader-text\">Instagram<\/span><\/a><\/li>\n\n<li class=\"wp-social-link wp-social-link-mail  wp-block-social-link\"><a href=\"mailto:in&#102;&#111;&#064;&#119;&#105;&#114;&#045;d&#105;e&#115;do&#114;fer&#046;de\" class=\"wp-block-social-link-anchor\"><svg width=\"24\" height=\"24\" viewBox=\"0 0 24 24\" version=\"1.1\" xmlns=\"http:\/\/www.w3.org\/2000\/svg\" aria-hidden=\"true\" focusable=\"false\"><path d=\"M19,5H5c-1.1,0-2,.9-2,2v10c0,1.1.9,2,2,2h14c1.1,0,2-.9,2-2V7c0-1.1-.9-2-2-2zm.5,12c0,.3-.2.5-.5.5H5c-.3,0-.5-.2-.5-.5V9.8l7.5,5.6,7.5-5.6V17zm0-9.1L12,13.6,4.5,7.9V7c0-.3.2-.5.5-.5h14c.3,0,.5.2.5.5v.9z\"><\/path><\/svg><span class=\"wp-block-social-link-label screen-reader-text\">E-Mail<\/span><\/a><\/li><\/ul>\n","protected":false},"excerpt":{"rendered":"<p>Termine 01.04.2026 100 Jahre Eingemeindung ist sehr lang 18.04.2026 Diesdorf putzt sich 12-14 Uhr 23.04.2026 Vereinsversammlung 21.05.2026 Vereinsversammlung 12.-14.06.2026 &#8211; Schrotefest 12.09.2026 Ballongl\u00fchen in Diesdorf S\u00fcd 10.10.2026 K\u00fcrbisfest 05.12.2026 Diesdorf im Advent<\/p>\n","protected":false},"author":2,"featured_media":120,"parent":0,"menu_order":0,"comment_status":"closed","ping_status":"closed","template":"","meta":{"advanced_seo_description":"","jetpack_seo_html_title":"","jetpack_seo_noindex":false,"footnotes":""},"class_list":["post-16","page","type-page","status-publish","has-post-thumbnail","hentry"],"jetpack_sharing_enabled":true,"_links":{"self":[{"href":"https:\/\/wir-diesdorfer.de\/index.php?rest_route=\/wp\/v2\/pages\/16","targetHints":{"allow":["GET"]}}],"collection":[{"href":"https:\/\/wir-diesdorfer.de\/index.php?rest_route=\/wp\/v2\/pages"}],"about":[{"href":"https:\/\/wir-diesdorfer.de\/index.php?rest_route=\/wp\/v2\/types\/page"}],"author":[{"embeddable":true,"href":"https:\/\/wir-diesdorfer.de\/index.php?rest_route=\/wp\/v2\/users\/2"}],"replies":[{"embeddable":true,"href":"https:\/\/wir-diesdorfer.de\/index.php?rest_route=%2Fwp%2Fv2%2Fcomments&post=16"}],"version-history":[{"count":26,"href":"https:\/\/wir-diesdorfer.de\/index.php?rest_route=\/wp\/v2\/pages\/16\/revisions"}],"predecessor-version":[{"id":290,"href":"https:\/\/wir-diesdorfer.de\/index.php?rest_route=\/wp\/v2\/pages\/16\/revisions\/290"}],"wp:featuredmedia":[{"embeddable":true,"href":"https:\/\/wir-diesdorfer.de\/index.php?rest_route=\/wp\/v2\/media\/120"}],"wp:attachment":[{"href":"https:\/\/wir-diesdorfer.de\/index.php?rest_route=%2Fwp%2Fv2%2Fmedia&parent=16"}],"curies":[{"name":"wp","href":"https:\/\/api.w.org\/{rel}","templated":true}]}}